{"id":195,"date":"2025-08-26T14:19:42","date_gmt":"2025-08-26T14:19:42","guid":{"rendered":"http:\/\/lmsanchezgil.com\/?page_id=195"},"modified":"2025-09-02T16:23:05","modified_gmt":"2025-09-02T16:23:05","slug":"docencia","status":"publish","type":"page","link":"http:\/\/lmsanchezgil.com\/?page_id=195","title":{"rendered":"Docencia"},"content":{"rendered":"\n<div class=\"wp-block-columns is-layout-flex wp-container-core-columns-is-layout-28f84493 wp-block-columns-is-layout-flex\">\n<div class=\"wp-block-column is-layout-flow wp-block-column-is-layout-flow\">\n<div class=\"wp-block-cover\"><img loading=\"lazy\" decoding=\"async\" width=\"1024\" height=\"683\" class=\"wp-block-cover__image-background wp-image-95\" alt=\"\" src=\"http:\/\/lmsanchezgil.com\/wp-content\/uploads\/2025\/08\/Informe-pericial-1024x683.png\" data-object-fit=\"cover\" srcset=\"http:\/\/lmsanchezgil.com\/wp-content\/uploads\/2025\/08\/Informe-pericial-1024x683.png 1024w, http:\/\/lmsanchezgil.com\/wp-content\/uploads\/2025\/08\/Informe-pericial-300x200.png 300w, http:\/\/lmsanchezgil.com\/wp-content\/uploads\/2025\/08\/Informe-pericial-768x512.png 768w, http:\/\/lmsanchezgil.com\/wp-content\/uploads\/2025\/08\/Informe-pericial.png 1536w\" sizes=\"auto, (max-width: 1024px) 100vw, 1024px\" \/><span aria-hidden=\"true\" class=\"wp-block-cover__background has-background-dim\"><\/span><div class=\"wp-block-cover__inner-container is-layout-flow wp-block-cover-is-layout-flow\">\n<p class=\"has-text-align-center has-large-font-size\"><a href=\"#grados\">Grados<\/a><\/p>\n<\/div><\/div>\n<\/div>\n\n\n\n<div class=\"wp-block-column is-layout-flow wp-block-column-is-layout-flow\">\n<div class=\"wp-block-cover\"><img loading=\"lazy\" decoding=\"async\" width=\"1024\" height=\"683\" class=\"wp-block-cover__image-background wp-image-97\" alt=\"\" src=\"http:\/\/lmsanchezgil.com\/wp-content\/uploads\/2025\/08\/Psicologia-sanitaria-1024x683.png\" data-object-fit=\"cover\" srcset=\"http:\/\/lmsanchezgil.com\/wp-content\/uploads\/2025\/08\/Psicologia-sanitaria-1024x683.png 1024w, http:\/\/lmsanchezgil.com\/wp-content\/uploads\/2025\/08\/Psicologia-sanitaria-300x200.png 300w, http:\/\/lmsanchezgil.com\/wp-content\/uploads\/2025\/08\/Psicologia-sanitaria-768x512.png 768w, http:\/\/lmsanchezgil.com\/wp-content\/uploads\/2025\/08\/Psicologia-sanitaria.png 1536w\" sizes=\"auto, (max-width: 1024px) 100vw, 1024px\" \/><span aria-hidden=\"true\" class=\"wp-block-cover__background has-background-dim\"><\/span><div class=\"wp-block-cover__inner-container is-layout-flow wp-block-cover-is-layout-flow\">\n<p class=\"has-text-align-center has-large-font-size\"><a href=\"#master\">M\u00e1steres universitarios<\/a><\/p>\n<\/div><\/div>\n<\/div>\n<\/div>\n\n\n\n<div class=\"wp-block-columns is-layout-flex wp-container-core-columns-is-layout-28f84493 wp-block-columns-is-layout-flex\">\n<div class=\"wp-block-column is-layout-flow wp-block-column-is-layout-flow\">\n<div class=\"wp-block-cover\"><img loading=\"lazy\" decoding=\"async\" width=\"1024\" height=\"683\" class=\"wp-block-cover__image-background wp-image-99\" alt=\"\" src=\"http:\/\/lmsanchezgil.com\/wp-content\/uploads\/2025\/08\/Formacion-permanente-1024x683.png\" data-object-fit=\"cover\" srcset=\"http:\/\/lmsanchezgil.com\/wp-content\/uploads\/2025\/08\/Formacion-permanente-1024x683.png 1024w, http:\/\/lmsanchezgil.com\/wp-content\/uploads\/2025\/08\/Formacion-permanente-300x200.png 300w, http:\/\/lmsanchezgil.com\/wp-content\/uploads\/2025\/08\/Formacion-permanente-768x512.png 768w, http:\/\/lmsanchezgil.com\/wp-content\/uploads\/2025\/08\/Formacion-permanente.png 1536w\" sizes=\"auto, (max-width: 1024px) 100vw, 1024px\" \/><span aria-hidden=\"true\" class=\"wp-block-cover__background has-background-dim\"><\/span><div class=\"wp-block-cover__inner-container is-layout-flow wp-block-cover-is-layout-flow\">\n<p class=\"has-text-align-center has-large-font-size\"><a href=\"#formacion-permanente\">Formaci\u00f3n permanete<\/a><\/p>\n<\/div><\/div>\n<\/div>\n\n\n\n<div class=\"wp-block-column is-layout-flow wp-block-column-is-layout-flow\">\n<div class=\"wp-block-cover\"><img loading=\"lazy\" decoding=\"async\" width=\"1024\" height=\"1024\" class=\"wp-block-cover__image-background wp-image-201\" alt=\"\" src=\"http:\/\/lmsanchezgil.com\/wp-content\/uploads\/2025\/08\/Podcast.png\" data-object-fit=\"cover\" srcset=\"http:\/\/lmsanchezgil.com\/wp-content\/uploads\/2025\/08\/Podcast.png 1024w, http:\/\/lmsanchezgil.com\/wp-content\/uploads\/2025\/08\/Podcast-300x300.png 300w, http:\/\/lmsanchezgil.com\/wp-content\/uploads\/2025\/08\/Podcast-150x150.png 150w, http:\/\/lmsanchezgil.com\/wp-content\/uploads\/2025\/08\/Podcast-768x768.png 768w\" sizes=\"auto, (max-width: 1024px) 100vw, 1024px\" \/><span aria-hidden=\"true\" class=\"wp-block-cover__background has-background-dim\"><\/span><div class=\"wp-block-cover__inner-container is-layout-flow wp-block-cover-is-layout-flow\">\n<p class=\"has-text-align-center has-large-font-size\"><a href=\"#otras-actividades\">Otras actividades docentes<\/a><\/p>\n<\/div><\/div>\n<\/div>\n<\/div>\n\n\n\n<div style=\"height:20px\" aria-hidden=\"true\" class=\"wp-block-spacer\"><\/div>\n\n\n\n<h2 class=\"wp-block-heading\" id=\"grados\">Grados universitarios<\/h2>\n\n\n\n<div style=\"height:10px\" aria-hidden=\"true\" class=\"wp-block-spacer\"><\/div>\n\n\n\n<h3 class=\"wp-block-heading has-primary-color has-text-color has-link-color wp-elements-ec62f161de519fccc242866c5a20f6ef\">Grado en Criminolog\u00eda<\/h3>\n\n\n\n<details class=\"wp-block-details is-layout-flow wp-block-details-is-layout-flow\"><summary><strong>Evaluaci\u00f3n Psicol\u00f3gica Forense<\/strong><\/summary>\n<p>Curso: tercero<br>Cuatrimestre: primero<br>Grupo: I<br>Horario: lunes (10:30 a 12:20 h.) y martes (10:30 a 12:20 h.)<br>Lugar: aula 201 (Facultad de Derecho)<br>Ficha <a href=\"https:\/\/guias.usal.es\/node\/211991\" target=\"_blank\" rel=\"noreferrer noopener\">aqu\u00ed<\/a><br>Campus virtual aqu\u00ed<br>Examen: <br>&#8211; Convocatoria ordinaria: <br>&#8211; Convocatoria extraordinaria:<\/p>\n<\/details>\n\n\n\n<details class=\"wp-block-details is-layout-flow wp-block-details-is-layout-flow\"><summary><strong>Formas Espec\u00edficas de Delincuencia<\/strong><\/summary>\n<p>Curso: tercero<br>Cuatrimestre: segundo<br>Grupo: I<br>Horario: jueves (09:10 a 13:00 h.)<br>Lugar: aula 201 (Facultad de Derecho)<br>Ficha <a href=\"https:\/\/guias.usal.es\/node\/212012\" target=\"_blank\" rel=\"noreferrer noopener\">aqu\u00ed<\/a><br>Campus virtual aqu\u00ed<br>Examen:<br>&#8211; Convocatoria ordinaria:<br>&#8211; Convocatoria extraordinaria:<\/p>\n<\/details>\n\n\n\n<details class=\"wp-block-details is-layout-flow wp-block-details-is-layout-flow\"><summary><strong>Informes periciales<\/strong><\/summary>\n<p>Curso: cuarto<br>Cuatrimestre: segundo<br>Grupo: \u00fanico (asignatura optativa)<br>Horario: lunes (16:00 a 17:50 h.)<br>Lugar: aula 202 (Facultad de Derecho)<br>Ficha <a href=\"https:\/\/guias.usal.es\/node\/212323\" target=\"_blank\" rel=\"noreferrer noopener\">aqu\u00ed<\/a><br>Campus virtual aqu\u00ed<br>Examen:<br>&#8211; Convocatoria ordinaria:<br>&#8211; Convocatoria extraordinaria:<\/p>\n<\/details>\n\n\n\n<div style=\"height:10px\" aria-hidden=\"true\" class=\"wp-block-spacer\"><\/div>\n\n\n\n<h3 class=\"wp-block-heading has-primary-color has-text-color has-link-color wp-elements-2b5da78eab0899fc2305022c41a8d45d\">Grado en Seguridad<\/h3>\n\n\n\n<details class=\"wp-block-details is-layout-flow wp-block-details-is-layout-flow\"><summary><strong>Inteligencia, estrategia y prospectiva<\/strong><\/summary>\n<p>Curso: tercero<br>Cuatrimestre: segundo<br>Horario: <br>Lugar:<br>Ficha (pendiente de publicaci\u00f3n)<br>Campus virtual (pendiente de publicaci\u00f3n)<br>Examen: <br>&#8211; Convocatoria ordinaria: pendiente de asignaci\u00f3n<br>&#8211; Convocatoria extraordinaria: pendiente de asignaci\u00f3n<\/p>\n<\/details>\n\n\n\n<div style=\"height:20px\" aria-hidden=\"true\" class=\"wp-block-spacer\"><\/div>\n\n\n\n<h2 class=\"wp-block-heading\" id=\"master\">M\u00e1steres universitarios<\/h2>\n\n\n\n<div style=\"height:10px\" aria-hidden=\"true\" class=\"wp-block-spacer\"><\/div>\n\n\n\n<h3 class=\"wp-block-heading has-primary-color has-text-color has-link-color wp-elements-37267b659b8c04fb2474da6294e81696\">M\u00e1ster Universitario en Psicolog\u00eda General Sanitaria<\/h3>\n\n\n\n<details class=\"wp-block-details is-layout-flow wp-block-details-is-layout-flow\"><summary><strong>Peritaje psicol\u00f3gico<\/strong><\/summary>\n<p>Curso: tercero<br>Cuatrimestre: segundo<br>Horario: 4 y 5 de febrero (9:00-14:00 h.)<br>Lugar: pendiente de asignaci\u00f3n<br>Ficha <a href=\"https:\/\/guias.usal.es\/filesg\/guias2015\/5.%20Fichas%20Asignaturas%20Obligatorias%201\u00ba%20Curso%20MUPGS%2025-26.pdf\" target=\"_blank\" rel=\"noreferrer noopener\">aqu\u00ed<\/a><br>Campus virtual aqu\u00ed<br>Examen: <br>&#8211; Convocatoria ordinaria: 19 de febrero &#8211; 09:00 h. &#8211; Aula Magna (Facultad de Psicolog\u00eda)<\/p>\n<\/details>\n\n\n\n<div style=\"height:10px\" aria-hidden=\"true\" class=\"wp-block-spacer\"><\/div>\n\n\n\n<h3 class=\"wp-block-heading has-primary-color has-text-color has-link-color wp-elements-39d9cb8ebe5a1f4fa4b78bcab59dd25e\">M\u00e1ster Universitario en Cibercriminalidad<\/h3>\n\n\n\n<details class=\"wp-block-details is-layout-flow wp-block-details-is-layout-flow\"><summary><strong>Ciberperfilaci\u00f3n criminal<\/strong><\/summary>\n<p>Curso: primero<br>Cuatrimestre: primero<br>Horario: desde el 25 de septiembre al 31 de octubre, jueves (9:00-13:40 horas) y viernes (9:00-13:40 h.)<br>Lugar: aula 007A (Facultad de Derecho)<br>Ficha <a href=\"https:\/\/guias.usal.es\/filesg\/guias2015\/Fichas_unidas_completas.pdfhttps:\/\/www.usal.es\/files\/master\/planes\/mu_cibercriminalidad_plan_estudios.pdf\" target=\"_blank\" rel=\"noreferrer noopener\">aqu\u00ed<\/a><br>Campus virtual aqu\u00ed<br>Examen:<br>&#8211; Convocatoria ordinaria: pendiente de asignaci\u00f3n (entre el 8 y 16 de enero)<br>&#8211; Convocatoria extraordinaria: pendiente de asignaci\u00f3n (entre el 22 y 29 de enero)<\/p>\n<\/details>\n\n\n\n<div style=\"height:20px\" aria-hidden=\"true\" class=\"wp-block-spacer\"><\/div>\n\n\n\n<h2 class=\"wp-block-heading\" id=\"formacion-permanente\">Formaci\u00f3n permanente<\/h2>\n\n\n\n<div style=\"height:10px\" aria-hidden=\"true\" class=\"wp-block-spacer\"><\/div>\n\n\n\n<h3 class=\"wp-block-heading has-primary-color has-text-color has-link-color wp-elements-21a7b5b68364952d4d8af1248deae5a4\">M\u00e1ster de Formaci\u00f3n Permanente en Identidad Sexual y Diversidad LGTBI+<\/h3>\n\n\n\n<details class=\"wp-block-details is-layout-flow wp-block-details-is-layout-flow\"><summary><strong>La diversidad en los conflictos armados<\/strong><\/summary>\n<p>Curso: primero<br>Cuatrimestre: segundo<br>Horario: formaci\u00f3n as\u00edncrona<br>Lugar: online<br>Ficha aqu\u00ed<br>Campus virtual aqu\u00ed<br>Examen:<br>&#8211; Convocatoria ordinaria: pendiente de asignaci\u00f3n<br>&#8211; Convocatoria extraordinaria: pendiente de asignaci\u00f3n<\/p>\n<\/details>\n\n\n\n<div style=\"height:20px\" aria-hidden=\"true\" class=\"wp-block-spacer\"><\/div>\n\n\n\n<h2 class=\"wp-block-heading\" id=\"otras-actividades\">Otras actividades docentes<\/h2>\n\n\n\n<div style=\"height:10px\" aria-hidden=\"true\" class=\"wp-block-spacer\"><\/div>\n\n\n\n<h3 class=\"wp-block-heading has-primary-color has-text-color has-link-color wp-elements-f4f40b6e0410ffbe62434fdcef813204\">Direcci\u00f3n de tesis doctorales<\/h3>\n\n\n\n<details class=\"wp-block-details is-layout-flow wp-block-details-is-layout-flow\"><summary><strong>L\u00edneas de investigaci\u00f3n<\/strong><\/summary>\n<p>An\u00e1lisis de conducta<br>Terrorismo<br>Seguridad p\u00fablica<\/p>\n<\/details>\n\n\n\n<details class=\"wp-block-details is-layout-flow wp-block-details-is-layout-flow\"><summary><strong>Programas de Doctorado<\/strong><\/summary>\n<p>Programa de Doctorado en Psicolog\u00eda<\/p>\n<\/details>\n\n\n\n<div style=\"height:10px\" aria-hidden=\"true\" class=\"wp-block-spacer\"><\/div>\n\n\n\n<h3 class=\"wp-block-heading has-primary-color has-text-color has-link-color wp-elements-168fa29424421b9418d191cf5e181c4b\">Tutorizaci\u00f3n de trabajos finales<\/h3>\n\n\n\n<details class=\"wp-block-details is-layout-flow wp-block-details-is-layout-flow\"><summary><strong>L\u00edneas de investigaci\u00f3n<\/strong><\/summary>\n<p>An\u00e1lisis de conducta<br>Terrorismo<br>Seguridad p\u00fablica<\/p>\n<\/details>\n\n\n\n<details class=\"wp-block-details is-layout-flow wp-block-details-is-layout-flow\"><summary><strong>Titulaciones<\/strong><\/summary>\n<p>Grado en Criminolog\u00eda<br>M\u00e1ster Universitario en Psicolog\u00eda General Sanitaria<\/p>\n<\/details>\n\n\n\n<div style=\"height:10px\" aria-hidden=\"true\" class=\"wp-block-spacer\"><\/div>\n\n\n\n<h3 class=\"wp-block-heading has-primary-color has-text-color has-link-color wp-elements-cdf49eca4ecfd4a0fdc6699eb068dbe3\">Proyectos docentes<\/h3>\n\n\n\n<div style=\"height:10px\" aria-hidden=\"true\" class=\"wp-block-spacer\"><\/div>\n\n\n\n<details class=\"wp-block-details is-layout-flow wp-block-details-is-layout-flow\"><summary><strong>Proyectos de innovaci\u00f3n<\/strong><\/summary>\n<p>(ID2024\/148) Experthree (curso acad\u00e9mico 2024\/2025)<\/p>\n\n\n\n<p>(ID2023\/087) Expertwo: personas expertas por propia experiencia participan de la formaci\u00f3n de estudiantes de Psicolog\u00eda, Terapia Ocupacional, Criminolog\u00eda y M\u00e1ster (curso acad\u00e9mico 2023\/2024)<\/p>\n\n\n\n<p>(ID2023\/252) Intercambio intergeneracional de historias de vida (curso acad\u00e9mico 2023\/2024)<\/p>\n\n\n\n<p>(ID2022\/058) Metaverso y derecho: implicaciones \u00e9ticas y jur\u00eddicas m\u00e1s all\u00e1 de los horizontes de la privacidad (curso acad\u00e9mico 2022\/2023)<\/p>\n<\/details>\n\n\n\n<details class=\"wp-block-details is-layout-flow wp-block-details-is-layout-flow\"><summary> <strong>Proyectos de Aprendizaje-Servicio<\/strong> <\/summary>\n<p>(ApS2024\/41) EVALUA-R: Evaluaci\u00f3n de Resultados del Proyecto Ranquines (curso acad\u00e9mico 2024-2025)<\/p>\n\n\n\n<p>(ApS2023\/09) Formando a la poblaci\u00f3n rural para la prevenci\u00f3n de estafas a trav\u00e9s de internet (curso acad\u00e9mico 2023\/2024)<\/p>\n\n\n\n<p>(ApS2023\/11) Proyecto educativo para la ense\u00f1anza del lenguaje escrito a la poblaci\u00f3n migrante que accede al sistema educativo espa\u00f1ol en condiciones de analfabetismo o graves dificultades en su aprendizaje (curso acad\u00e9mico 2023\/2024)<\/p>\n<\/details>\n","protected":false},"excerpt":{"rendered":"<p>Grados universitarios Grado en Criminolog\u00eda Grado en Seguridad M\u00e1steres universitarios M\u00e1ster Universitario en Psicolog\u00eda General Sanitaria M\u00e1ster Universitario en Cibercriminalidad Formaci\u00f3n permanente M\u00e1ster de Formaci\u00f3n Permanente en Identidad Sexual y Diversidad LGTBI+ Otras actividades docentes Direcci\u00f3n de tesis doctorales Tutorizaci\u00f3n de trabajos finales Proyectos docentes<\/p>\n","protected":false},"author":1,"featured_media":0,"parent":0,"menu_order":0,"comment_status":"closed","ping_status":"closed","template":"","meta":{"footnotes":""},"class_list":["post-195","page","type-page","status-publish","hentry"],"_links":{"self":[{"href":"http:\/\/lmsanchezgil.com\/index.php?rest_route=\/wp\/v2\/pages\/195","targetHints":{"allow":["GET"]}}],"collection":[{"href":"http:\/\/lmsanchezgil.com\/index.php?rest_route=\/wp\/v2\/pages"}],"about":[{"href":"http:\/\/lmsanchezgil.com\/index.php?rest_route=\/wp\/v2\/types\/page"}],"author":[{"embeddable":true,"href":"http:\/\/lmsanchezgil.com\/index.php?rest_route=\/wp\/v2\/users\/1"}],"replies":[{"embeddable":true,"href":"http:\/\/lmsanchezgil.com\/index.php?rest_route=%2Fwp%2Fv2%2Fcomments&post=195"}],"version-history":[{"count":10,"href":"http:\/\/lmsanchezgil.com\/index.php?rest_route=\/wp\/v2\/pages\/195\/revisions"}],"predecessor-version":[{"id":211,"href":"http:\/\/lmsanchezgil.com\/index.php?rest_route=\/wp\/v2\/pages\/195\/revisions\/211"}],"wp:attachment":[{"href":"http:\/\/lmsanchezgil.com\/index.php?rest_route=%2Fwp%2Fv2%2Fmedia&parent=195"}],"curies":[{"name":"wp","href":"https:\/\/api.w.org\/{rel}","templated":true}]}}